{"id":10,"date":"2025-12-14T12:29:48","date_gmt":"2025-12-14T09:29:48","guid":{"rendered":"https:\/\/fevzicangumus.com\/videoajans\/?page_id=10"},"modified":"2026-01-25T21:04:26","modified_gmt":"2026-01-25T18:04:26","slug":"contact-2","status":"publish","type":"page","link":"https:\/\/fevzicangumus.com\/videoajans\/contact-2\/","title":{"rendered":"\u0130leti\u015fim"},"content":{"rendered":"\n<div style=\"height:156px\" aria-hidden=\"true\" class=\"wp-block-spacer\"><\/div>\n\n\n\n<div class=\"wp-block-group has-global-padding is-layout-constrained wp-block-group-is-layout-constrained\">\n<div class=\"wp-block-columns are-vertically-aligned-top is-layout-flex wp-container-core-columns-is-layout-d7d455e7 wp-block-columns-is-layout-flex\" style=\"padding-top:0;padding-right:0;padding-bottom:0;padding-left:0\">\n<div class=\"wp-block-column is-vertically-aligned-top is-layout-flow wp-block-column-is-layout-flow\" style=\"padding-right:7%;flex-basis:50%\">\n<p class=\"has-text-color\" style=\"color:#0bb4aa\">Hey Sen<\/p>\n\n\n\n<h2 class=\"wp-block-heading has-large-font-size\">Birlikte Proje Yapmaya Haz\u0131r M\u0131s\u0131n?  <\/h2>\n\n\n\n<p>Hadi fikirlerinizi ger\u00e7e\u011fe d\u00f6n\u00fc\u015ft\u00fcrelim ve birlikte unutulmaz videolar \u00fcretelim.<\/p>\n<\/div>\n\n\n\n<div class=\"wp-block-column is-vertically-aligned-top is-layout-flow wp-block-column-is-layout-flow\" style=\"flex-basis:50%\"><\/div>\n<\/div>\n<\/div>\n\n\n\n<div style=\"height:135px\" aria-hidden=\"true\" class=\"wp-block-spacer\"><\/div>\n\n\n\n<div class=\"wp-block-group alignfull has-global-padding is-layout-constrained wp-container-core-group-is-layout-19e250f3 wp-block-group-is-layout-constrained\">\n<div class=\"wp-block-columns are-vertically-aligned-center has-light-background-background-color has-background is-layout-flex wp-container-core-columns-is-layout-dd282781 wp-block-columns-is-layout-flex\" style=\"padding-top:0;padding-right:0;padding-bottom:0;padding-left:0\">\n<div class=\"wp-block-column is-layout-flow wp-block-column-is-layout-flow\">\n<div style=\"height:100px\" aria-hidden=\"true\" class=\"wp-block-spacer\"><\/div>\n<\/div>\n\n\n\n<div class=\"wp-block-column is-vertically-aligned-center map-grayscale is-layout-flow wp-block-column-is-layout-flow\" style=\"flex-basis:50%\">\n<iframe src=\"https:\/\/www.google.com\/maps\/embed?pb=!1m14!1m8!1m3!1d3748.433493402381!2d34.54085334044916!3d36.76948287885867!3m2!1i1024!2i768!4f13.1!3m3!1m2!1s0x15278bec204d4805%3A0x7dc963b031f304e3!2sFat%20ev!5e0!3m2!1str!2str!4v1765738558151!5m2!1str!2str\" width=\"600\" height=\"450\" style=\"border:0;\" allowfullscreen=\"\" loading=\"lazy\" referrerpolicy=\"no-referrer-when-downgrade\"><\/iframe>\n<\/div>\n\n\n\n<div class=\"wp-block-column is-vertically-aligned-center is-layout-flow wp-block-column-is-layout-flow\" style=\"padding-top:var(--wp--preset--spacing--small);padding-right:var(--wp--preset--spacing--small);padding-bottom:var(--wp--preset--spacing--small);padding-left:2%;flex-basis:50%\">\n<h3 class=\"wp-block-heading has-large-font-size\">G\u00fcncel Konumumuz<\/h3>\n\n\n\n<h3 class=\"wp-block-heading\"><strong>Ad<\/strong>res<\/h3>\n\n\n\n<p>Yeni\u015fehir\/Mersin<\/p>\n\n\n\n<h3 class=\"wp-block-heading\"><strong>Email<\/strong><\/h3>\n\n\n\n<p>info@icloud.com<\/p>\n\n\n\n<h3 class=\"wp-block-heading\"><strong>Phone<\/strong><\/h3>\n\n\n\n<p>+90 (555) 444 33 22<\/p>\n<\/div>\n\n\n\n<div class=\"wp-block-column is-layout-flow wp-block-column-is-layout-flow\"><\/div>\n<\/div>\n<\/div>\n\n\n\n<div class=\"wp-block-group is-layout-flow wp-block-group-is-layout-flow\">\n<div class=\"wp-block-group is-layout-flow wp-block-group-is-layout-flow\">\n<div style=\"height:69px\" aria-hidden=\"true\" class=\"wp-block-spacer\"><\/div>\n\n\n\n<div class=\"wp-block-columns is-layout-flex wp-container-core-columns-is-layout-28f84493 wp-block-columns-is-layout-flex\">\n<div class=\"wp-block-column is-layout-flow wp-block-column-is-layout-flow\">\n<p class=\"has-text-align-left has-text-color\" style=\"color:#0bb4aa\">Art\u0131k Size Daha Yak\u0131n Olaca\u011f\u0131z<\/p>\n\n\n\n<h2 class=\"wp-block-heading has-text-align-left has-large-font-size\">Yak\u0131nda T\u00fcm Konumlar\u0131m\u0131z<\/h2>\n\n\n\n<div class=\"wp-block-columns is-layout-flex wp-container-core-columns-is-layout-28f84493 wp-block-columns-is-layout-flex\">\n<div class=\"wp-block-column is-layout-flow wp-block-column-is-layout-flow\">\n<p style=\"line-height:2.5\">Mersin<br>M\u00fcnih<br>Brussels<br>Hong Kong<br>Barcelona<\/p>\n<\/div>\n\n\n\n<div class=\"wp-block-column is-layout-flow wp-block-column-is-layout-flow\">\n<p style=\"line-height:2.5\">New York<br>Paris<br>San Francisco<br>Sydney<br>Tokyo<\/p>\n<\/div>\n<\/div>\n<\/div>\n\n\n\n<div class=\"wp-block-column is-layout-flow wp-block-column-is-layout-flow\">\n<figure class=\"wp-block-image size-large\"><img decoding=\"async\" src=\"https:\/\/fevzicangumus.com\/videoajans\/wp-content\/themes\/inspiro\/assets\/images\/map.png\" alt=\"\" class=\"wp-image-5640\"\/><\/figure>\n<\/div>\n<\/div>\n\n\n\n<div style=\"height:52px\" aria-hidden=\"true\" class=\"wp-block-spacer\"><\/div>\n<\/div>\n<\/div>\n\n\n\n<h3 class=\"wp-block-heading\">A\u015fa\u011f\u0131daki Formu Doldurun Hemen Size Ula\u015fal\u0131m<\/h3>\n\n\n\n<div class=\"wpcf7 no-js\" id=\"wpcf7-f159-o1\" lang=\"tr-TR\" dir=\"ltr\" data-wpcf7-id=\"159\">\n<div class=\"screen-reader-response\"><p role=\"status\" aria-live=\"polite\" aria-atomic=\"true\"><\/p> <ul><\/ul><\/div>\n<form action=\"\/videoajans\/wp-json\/wp\/v2\/pages\/10#wpcf7-f159-o1\" method=\"post\" class=\"wpcf7-form init\" aria-label=\"\u0130leti\u015fim Formu\" novalidate=\"novalidate\" data-status=\"init\">\n<fieldset class=\"hidden-fields-container\"><input type=\"hidden\" name=\"_wpcf7\" value=\"159\" \/><input type=\"hidden\" name=\"_wpcf7_version\" value=\"6.1.4\" \/><input type=\"hidden\" name=\"_wpcf7_locale\" value=\"tr_TR\" \/><input type=\"hidden\" name=\"_wpcf7_unit_tag\" value=\"wpcf7-f159-o1\" \/><input type=\"hidden\" name=\"_wpcf7_container_post\" value=\"0\" \/><input type=\"hidden\" name=\"_wpcf7_posted_data_hash\" value=\"\" \/>\n<\/fieldset>\n<p><label> Ad\u0131n\u0131z<br \/>\n<span class=\"wpcf7-form-control-wrap\" data-name=\"your-name\"><input size=\"40\" maxlength=\"400\" class=\"wpcf7-form-control wpcf7-text wpcf7-validates-as-required\" autocomplete=\"name\" aria-required=\"true\" aria-invalid=\"false\" value=\"\" type=\"text\" name=\"your-name\" \/><\/span> <\/label>\n<\/p>\n<p><label> E-posta adresiniz<br \/>\n<span class=\"wpcf7-form-control-wrap\" data-name=\"your-email\"><input size=\"40\" maxlength=\"400\" class=\"wpcf7-form-control wpcf7-email wpcf7-validates-as-required wpcf7-text wpcf7-validates-as-email\" autocomplete=\"email\" aria-required=\"true\" aria-invalid=\"false\" value=\"\" type=\"email\" name=\"your-email\" \/><\/span> <\/label>\n<\/p>\n<p><label> Konu<br \/>\n<span class=\"wpcf7-form-control-wrap\" data-name=\"your-subject\"><input size=\"40\" maxlength=\"400\" class=\"wpcf7-form-control wpcf7-text wpcf7-validates-as-required\" aria-required=\"true\" aria-invalid=\"false\" value=\"\" type=\"text\" name=\"your-subject\" \/><\/span> <\/label>\n<\/p>\n<p><label> \u0130letiniz (tercihe ba\u011fl\u0131)<br \/>\n<span class=\"wpcf7-form-control-wrap\" data-name=\"your-message\"><textarea cols=\"40\" rows=\"10\" maxlength=\"2000\" class=\"wpcf7-form-control wpcf7-textarea\" aria-invalid=\"false\" name=\"your-message\"><\/textarea><\/span> <\/label>\n<\/p>\n<p><input class=\"wpcf7-form-control wpcf7-submit has-spinner\" type=\"submit\" value=\"G\u00f6nder\" \/>\n<\/p><div class=\"wpcf7-response-output\" aria-hidden=\"true\"><\/div>\n<\/form>\n<\/div>\n\n","protected":false},"excerpt":{"rendered":"<p>Hey Sen Birlikte Proje Yapmaya Haz\u0131r M\u0131s\u0131n? Hadi fikirlerinizi ger\u00e7e\u011fe d\u00f6n\u00fc\u015ft\u00fcrelim ve birlikte unutulmaz videolar \u00fcretelim. G\u00fcncel Konumumuz Adres Yeni\u015fehir\/Mersin Email info@icloud.com Phone +90 (555) 444 33 22 Art\u0131k Size Daha Yak\u0131n Olaca\u011f\u0131z Yak\u0131nda T\u00fcm Konumlar\u0131m\u0131z MersinM\u00fcnihBrusselsHong KongBarcelona New YorkParisSan FranciscoSydneyTokyo A\u015fa\u011f\u0131daki Formu Doldurun Hemen Size Ula\u015fal\u0131m<\/p>\n","protected":false},"author":1,"featured_media":7,"parent":0,"menu_order":0,"comment_status":"closed","ping_status":"closed","template":"","meta":{"_joinchat":[],"footnotes":""},"class_list":["post-10","page","type-page","status-publish","has-post-thumbnail","hentry"],"featured_media_urls":{"thumbnail":["https:\/\/fevzicangumus.com\/videoajans\/wp-content\/uploads\/2025\/12\/StockSnap_6O7JXC5DC5-150x150.jpg",150,150,true],"medium":["https:\/\/fevzicangumus.com\/videoajans\/wp-content\/uploads\/2025\/12\/StockSnap_6O7JXC5DC5-300x200.jpg",300,200,true],"medium_large":["https:\/\/fevzicangumus.com\/videoajans\/wp-content\/uploads\/2025\/12\/StockSnap_6O7JXC5DC5.jpg",768,512,false],"large":["https:\/\/fevzicangumus.com\/videoajans\/wp-content\/uploads\/2025\/12\/StockSnap_6O7JXC5DC5-1024x683.jpg",950,634,true],"1536x1536":["https:\/\/fevzicangumus.com\/videoajans\/wp-content\/uploads\/2025\/12\/StockSnap_6O7JXC5DC5-1536x1025.jpg",1536,1025,true],"2048x2048":["https:\/\/fevzicangumus.com\/videoajans\/wp-content\/uploads\/2025\/12\/StockSnap_6O7JXC5DC5-2048x1367.jpg",2048,1367,true],"inspiro-featured-image":["https:\/\/fevzicangumus.com\/videoajans\/wp-content\/uploads\/2025\/12\/StockSnap_6O7JXC5DC5-2000x1335.jpg",2000,1335,true],"inspiro-loop":["https:\/\/fevzicangumus.com\/videoajans\/wp-content\/uploads\/2025\/12\/StockSnap_6O7JXC5DC5-950x320.jpg",950,320,true],"inspiro-loop@2x":["https:\/\/fevzicangumus.com\/videoajans\/wp-content\/uploads\/2025\/12\/StockSnap_6O7JXC5DC5-1900x640.jpg",1900,640,true],"portfolio_item-thumbnail":["https:\/\/fevzicangumus.com\/videoajans\/wp-content\/uploads\/2025\/12\/StockSnap_6O7JXC5DC5-600x400.jpg",600,400,true],"portfolio_item-thumbnail@2x":["https:\/\/fevzicangumus.com\/videoajans\/wp-content\/uploads\/2025\/12\/StockSnap_6O7JXC5DC5-1200x800.jpg",1200,800,true],"portfolio_item-masonry":["https:\/\/fevzicangumus.com\/videoajans\/wp-content\/uploads\/2025\/12\/StockSnap_6O7JXC5DC5-600x400.jpg",600,400,true],"portfolio_item-masonry@2x":["https:\/\/fevzicangumus.com\/videoajans\/wp-content\/uploads\/2025\/12\/StockSnap_6O7JXC5DC5-1200x801.jpg",1200,801,true],"portfolio_item-thumbnail_cinema":["https:\/\/fevzicangumus.com\/videoajans\/wp-content\/uploads\/2025\/12\/StockSnap_6O7JXC5DC5-800x335.jpg",800,335,true],"portfolio_item-thumbnail_portrait":["https:\/\/fevzicangumus.com\/videoajans\/wp-content\/uploads\/2025\/12\/StockSnap_6O7JXC5DC5-600x900.jpg",600,900,true],"portfolio_item-thumbnail_portrait@2x":["https:\/\/fevzicangumus.com\/videoajans\/wp-content\/uploads\/2025\/12\/StockSnap_6O7JXC5DC5-1200x1468.jpg",1200,1468,true],"portfolio_item-thumbnail_square":["https:\/\/fevzicangumus.com\/videoajans\/wp-content\/uploads\/2025\/12\/StockSnap_6O7JXC5DC5-800x800.jpg",800,800,true]},"_links":{"self":[{"href":"https:\/\/fevzicangumus.com\/videoajans\/wp-json\/wp\/v2\/pages\/10","targetHints":{"allow":["GET"]}}],"collection":[{"href":"https:\/\/fevzicangumus.com\/videoajans\/wp-json\/wp\/v2\/pages"}],"about":[{"href":"https:\/\/fevzicangumus.com\/videoajans\/wp-json\/wp\/v2\/types\/page"}],"author":[{"embeddable":true,"href":"https:\/\/fevzicangumus.com\/videoajans\/wp-json\/wp\/v2\/users\/1"}],"replies":[{"embeddable":true,"href":"https:\/\/fevzicangumus.com\/videoajans\/wp-json\/wp\/v2\/comments?post=10"}],"version-history":[{"count":19,"href":"https:\/\/fevzicangumus.com\/videoajans\/wp-json\/wp\/v2\/pages\/10\/revisions"}],"predecessor-version":[{"id":231,"href":"https:\/\/fevzicangumus.com\/videoajans\/wp-json\/wp\/v2\/pages\/10\/revisions\/231"}],"wp:featuredmedia":[{"embeddable":true,"href":"https:\/\/fevzicangumus.com\/videoajans\/wp-json\/wp\/v2\/media\/7"}],"wp:attachment":[{"href":"https:\/\/fevzicangumus.com\/videoajans\/wp-json\/wp\/v2\/media?parent=10"}],"curies":[{"name":"wp","href":"https:\/\/api.w.org\/{rel}","templated":true}]}}