{"id":9,"date":"2025-12-14T12:29:48","date_gmt":"2025-12-14T09:29:48","guid":{"rendered":"https:\/\/fevzicangumus.com\/videoajans\/?page_id=9"},"modified":"2025-12-14T21:41:48","modified_gmt":"2025-12-14T18:41:48","slug":"about","status":"publish","type":"page","link":"https:\/\/fevzicangumus.com\/videoajans\/about\/","title":{"rendered":"HAKKIMIZDA"},"content":{"rendered":"\n<h2 class=\"wp-block-heading has-large-font-size\" id=\"inspiro-is-a-digital-product-agency-that-focuses-on-strategy-and-design\" style=\"font-style:normal;font-weight:100\"><strong>Gelin biraz bizden bahsedelim<\/strong><\/h2>\n\n\n\n<div style=\"height:100px\" aria-hidden=\"true\" class=\"wp-block-spacer\"><\/div>\n\n\n\n<h2 class=\"wp-block-heading\">B\u0130Z K\u0130M\u0130Z?<\/h2>\n\n\n\n<p>Her \u015fey, bir an\u0131n tek bir kareden daha fazlas\u0131 oldu\u011funu fark etmemizle ba\u015flad\u0131.<br>Bir duygunun, bir markan\u0131n ya da bir hik\u00e2yenin en g\u00fc\u00e7l\u00fc \u015fekilde&nbsp;<strong>hareketle anlat\u0131ld\u0131\u011f\u0131n\u0131<\/strong>&nbsp;g\u00f6rd\u00fck.<\/p>\n\n\n\n<p><br>Kameray\u0131 elimize ald\u0131\u011f\u0131m\u0131z ilk g\u00fcnden beri amac\u0131m\u0131z ayn\u0131:<br>Sadece video \u00e7ekmek de\u011fil,&nbsp;<strong>izleyenlerin hissetti\u011fi<\/strong>&nbsp;hik\u00e2yeler \u00fcretmek.<br><br>Biz; fikri olan, anlatacak bir hik\u00e2yesi bulunan markalar i\u00e7in \u00e7al\u0131\u015f\u0131yoruz. \u00c7ekimden kurguya, renkten ritme kadar her detay\u0131 \u00f6zenle ele al\u0131yor; videolar\u0131 sadece izlenen de\u011fil,&nbsp;<strong>ak\u0131lda kalan<\/strong>&nbsp;i\u00e7eriklere d\u00f6n\u00fc\u015ft\u00fcr\u00fcyoruz.<br><br>Haz\u0131r \u015fablonlar kullanm\u0131yoruz.<br>Her projeye, markan\u0131n ruhunu anlayarak ba\u015fl\u0131yor; onun diline, hedef kitlesine ve amac\u0131na uygun videolar \u00fcretiyoruz.<br><br>K\u0131sacas\u0131;<\/p>\n\n\n\n<p><strong>biz anlar\u0131 kaydeden de\u011fil, hik\u00e2yeye d\u00f6n\u00fc\u015ft\u00fcren bir video ekibiyiz.<\/strong><\/p>\n\n\n\n<p><\/p>\n\n\n\n<h2 class=\"wp-block-heading\">NE YAPIYORUZ?<\/h2>\n\n\n\n<div class=\"wp-block-columns alignwide is-layout-flex wp-container-core-columns-is-layout-28f84493 wp-block-columns-is-layout-flex\">\n<div class=\"wp-block-column is-layout-flow wp-block-column-is-layout-flow\">\n<figure class=\"wp-block-image size-large\"><img loading=\"lazy\" decoding=\"async\" width=\"1024\" height=\"683\" src=\"https:\/\/fevzicangumus.com\/videoajans\/wp-content\/uploads\/2025\/12\/pexels-kyleloftusstudios-3379934-2-1024x683.jpg\" alt=\"\" class=\"wp-image-105\" style=\"aspect-ratio:1.499281830306761\" srcset=\"https:\/\/fevzicangumus.com\/videoajans\/wp-content\/uploads\/2025\/12\/pexels-kyleloftusstudios-3379934-2-1024x683.jpg 1024w, https:\/\/fevzicangumus.com\/videoajans\/wp-content\/uploads\/2025\/12\/pexels-kyleloftusstudios-3379934-2-300x200.jpg 300w, https:\/\/fevzicangumus.com\/videoajans\/wp-content\/uploads\/2025\/12\/pexels-kyleloftusstudios-3379934-2-600x400.jpg 600w, https:\/\/fevzicangumus.com\/videoajans\/wp-content\/uploads\/2025\/12\/pexels-kyleloftusstudios-3379934-2-1200x800.jpg 1200w, https:\/\/fevzicangumus.com\/videoajans\/wp-content\/uploads\/2025\/12\/pexels-kyleloftusstudios-3379934-2.jpg 1800w\" sizes=\"auto, (max-width: 1024px) 100vw, 1024px\" \/><\/figure>\n\n\n\n<p class=\"has-black-color has-text-color has-medium-font-size\">Video Prod\u00fcksiyonu<\/p>\n\n\n\n<p class=\"has-text-color\" style=\"color:#7a7a7a\">Fikrinizi, izleyenleri etkileyen g\u00fc\u00e7l\u00fc videolara d\u00f6n\u00fc\u015ft\u00fcr\u00fcyoruz.<\/p>\n\n\n\n<p class=\"has-text-color\" style=\"color:#7a7a7a\">\u00c7ekimden kurguya, renkten ritme kadar t\u00fcm prod\u00fcksiyon s\u00fcrecini profesyonelce y\u00f6netiyor; markan\u0131za \u00f6zel, ak\u0131lda kal\u0131c\u0131 i\u00e7erikler \u00fcretiyoruz.<\/p>\n<\/div>\n\n\n\n<div class=\"wp-block-column is-layout-flow wp-block-column-is-layout-flow\">\n<figure class=\"wp-block-image size-large\"><img loading=\"lazy\" decoding=\"async\" width=\"1024\" height=\"683\" src=\"https:\/\/fevzicangumus.com\/videoajans\/wp-content\/uploads\/2025\/12\/kyle-loftus-96aWzXa6e10-unsplash-2-1024x683.jpg\" alt=\"\" class=\"wp-image-121\" srcset=\"https:\/\/fevzicangumus.com\/videoajans\/wp-content\/uploads\/2025\/12\/kyle-loftus-96aWzXa6e10-unsplash-2-1024x683.jpg 1024w, https:\/\/fevzicangumus.com\/videoajans\/wp-content\/uploads\/2025\/12\/kyle-loftus-96aWzXa6e10-unsplash-2-300x200.jpg 300w, https:\/\/fevzicangumus.com\/videoajans\/wp-content\/uploads\/2025\/12\/kyle-loftus-96aWzXa6e10-unsplash-2-600x400.jpg 600w, https:\/\/fevzicangumus.com\/videoajans\/wp-content\/uploads\/2025\/12\/kyle-loftus-96aWzXa6e10-unsplash-2-1200x800.jpg 1200w, https:\/\/fevzicangumus.com\/videoajans\/wp-content\/uploads\/2025\/12\/kyle-loftus-96aWzXa6e10-unsplash-2.jpg 1800w\" sizes=\"auto, (max-width: 1024px) 100vw, 1024px\" \/><\/figure>\n\n\n\n<p class=\"has-black-color has-text-color has-medium-font-size\">Profesyonel Edit<\/p>\n\n\n\n<p class=\"has-text-color\" style=\"color:#7a7a7a\">\u00c7ekilen g\u00f6r\u00fcnt\u00fcleri g\u00fc\u00e7l\u00fc bir anlat\u0131ya d\u00f6n\u00fc\u015ft\u00fcr\u00fcyoruz.<\/p>\n\n\n\n<p class=\"has-text-color\" style=\"color:#7a7a7a\">Kurgu, renk d\u00fczenleme, ses ve ritimle videolar\u0131n\u0131z\u0131 profesyonel, ak\u0131c\u0131 ve izleyiciyi i\u00e7ine \u00e7eken bir hale getiriyoruz.<\/p>\n<\/div>\n\n\n\n<div class=\"wp-block-column is-layout-flow wp-block-column-is-layout-flow\">\n<figure class=\"wp-block-image size-large is-resized\"><img loading=\"lazy\" decoding=\"async\" width=\"1024\" height=\"767\" src=\"https:\/\/fevzicangumus.com\/videoajans\/wp-content\/uploads\/2025\/12\/pexels-joshua-welch-763172-1624600-1-1024x767.jpg\" alt=\"\" class=\"wp-image-120\" style=\"aspect-ratio:1.335114887396647;width:405px;height:auto\" srcset=\"https:\/\/fevzicangumus.com\/videoajans\/wp-content\/uploads\/2025\/12\/pexels-joshua-welch-763172-1624600-1-1024x767.jpg 1024w, https:\/\/fevzicangumus.com\/videoajans\/wp-content\/uploads\/2025\/12\/pexels-joshua-welch-763172-1624600-1-300x225.jpg 300w, https:\/\/fevzicangumus.com\/videoajans\/wp-content\/uploads\/2025\/12\/pexels-joshua-welch-763172-1624600-1.jpg 1800w\" sizes=\"auto, (max-width: 1024px) 100vw, 1024px\" \/><\/figure>\n\n\n\n<p class=\"has-black-color has-text-color has-medium-font-size\">Drone \u00c7ekimi<\/p>\n\n\n\n<p class=\"has-text-color\" style=\"color:#7a7a7a\">Y\u00fcksekten bak\u0131\u015fla fark yaratan g\u00f6r\u00fcnt\u00fcler \u00fcretiyoruz.<\/p>\n\n\n\n<p class=\"has-text-color\" style=\"color:#7a7a7a\">Profesyonel drone \u00e7ekimleriyle mek\u00e2nlar\u0131, projeleri ve markan\u0131z\u0131 etkileyici, sinematik bir perspektifle yans\u0131t\u0131yoruz.<\/p>\n<\/div>\n<\/div>\n\n\n\n<div style=\"height:100px\" aria-hidden=\"true\" class=\"wp-block-spacer\"><\/div>\n\n\n\n<div class=\"wp-block-cover alignfull\" style=\"padding-top:50px;padding-right:50px;padding-bottom:50px;padding-left:50px;min-height:316px;aspect-ratio:unset;\"><span aria-hidden=\"true\" class=\"wp-block-cover__background has-black-background-color has-background-dim-100 has-background-dim\"><\/span><div class=\"wp-block-cover__inner-container is-layout-flow wp-block-cover-is-layout-flow\">\n<div class=\"wp-block-columns are-vertically-aligned-center is-layout-flex wp-container-core-columns-is-layout-28f84493 wp-block-columns-is-layout-flex\">\n<div class=\"wp-block-column is-vertically-aligned-center is-layout-flow wp-block-column-is-layout-flow\" style=\"padding-top:20px;padding-right:0px;padding-bottom:20px;padding-left:0px\">\n<div class=\"wp-block-group is-content-justification-space-between is-nowrap is-layout-flex wp-container-core-group-is-layout-bb3dfb5c wp-block-group-is-layout-flex\">\n<figure class=\"wp-block-image size-full\"><img decoding=\"async\" src=\"https:\/\/fevzicangumus.com\/videoajans\/wp-content\/themes\/inspiro\/assets\/images\/laurel_left.png\" alt=\"\"\/><\/figure>\n\n\n\n<div class=\"wp-block-group is-layout-flow wp-block-group-is-layout-flow\">\n<p class=\"has-text-align-center has-white-color has-text-color\" style=\"font-size:clamp(14px, 0.875rem + ((1vw - 3.2px) * 0.354), 18px);line-height:1\"><strong>&#8220;En \u0130yi  Film&#8221;<br><\/strong>Kazanan\u0131<\/p>\n<\/div>\n\n\n\n<figure class=\"wp-block-image size-full\"><img decoding=\"async\" src=\"https:\/\/fevzicangumus.com\/videoajans\/wp-content\/themes\/inspiro\/assets\/images\/laurel_right.png\" alt=\"\"\/><\/figure>\n<\/div>\n<\/div>\n\n\n\n<div class=\"wp-block-column is-vertically-aligned-center is-layout-flow wp-block-column-is-layout-flow\" style=\"padding-top:20px;padding-right:0px;padding-bottom:20px;padding-left:0px\">\n<div class=\"wp-block-group is-content-justification-space-between is-nowrap is-layout-flex wp-container-core-group-is-layout-bb3dfb5c wp-block-group-is-layout-flex\">\n<figure class=\"wp-block-image size-full\"><img decoding=\"async\" src=\"https:\/\/fevzicangumus.com\/videoajans\/wp-content\/themes\/inspiro\/assets\/images\/laurel_left.png\" alt=\"\"\/><\/figure>\n\n\n\n<div class=\"wp-block-group is-layout-flow wp-block-group-is-layout-flow\">\n<p class=\"has-text-align-center has-white-color has-text-color\" style=\"font-size:clamp(14px, 0.875rem + ((1vw - 3.2px) * 0.354), 18px);line-height:1\"><strong>&#8220;Yeni Film Festivali&#8221;<\/strong><br>Kazanan\u0131<\/p>\n<\/div>\n\n\n\n<figure class=\"wp-block-image size-full\"><img decoding=\"async\" src=\"https:\/\/fevzicangumus.com\/videoajans\/wp-content\/themes\/inspiro\/assets\/images\/laurel_right.png\" alt=\"\"\/><\/figure>\n<\/div>\n<\/div>\n\n\n\n<div class=\"wp-block-column is-vertically-aligned-center is-layout-flow wp-block-column-is-layout-flow\" style=\"padding-top:20px;padding-right:0px;padding-bottom:20px;padding-left:0px\">\n<div class=\"wp-block-group is-content-justification-space-between is-nowrap is-layout-flex wp-container-core-group-is-layout-bb3dfb5c wp-block-group-is-layout-flex\">\n<figure class=\"wp-block-image size-full\"><img decoding=\"async\" src=\"https:\/\/fevzicangumus.com\/videoajans\/wp-content\/themes\/inspiro\/assets\/images\/laurel_left.png\" alt=\"\"\/><\/figure>\n\n\n\n<div class=\"wp-block-group is-layout-flow wp-block-group-is-layout-flow\">\n<p class=\"has-text-align-center has-white-color has-text-color\" style=\"font-size:clamp(14px, 0.875rem + ((1vw - 3.2px) * 0.354), 18px);line-height:1\"><strong>&#8220;En \u0130yi Shorts&#8221;<\/strong><br>Kazanan\u0131<\/p>\n<\/div>\n\n\n\n<figure class=\"wp-block-image size-full\"><img decoding=\"async\" src=\"https:\/\/fevzicangumus.com\/videoajans\/wp-content\/themes\/inspiro\/assets\/images\/laurel_right.png\" alt=\"\"\/><\/figure>\n<\/div>\n<\/div>\n<\/div>\n<\/div><\/div>\n\n\n\n<h2 class=\"wp-block-heading\"> REFERANSLARIMIZ<\/h2>\n\n\n\n<blockquote class=\"wp-block-quote is-layout-flow wp-block-quote-is-layout-flow\">\n<p>Birlikte \u00e7al\u0131\u015ft\u0131\u011f\u0131m\u0131z markalarla kurdu\u011fumuz g\u00fc\u00e7l\u00fc i\u015f birlikleri, kaliteli ve s\u00fcrd\u00fcr\u00fclebilir \u00e7\u00f6z\u00fcmler \u00fcretme anlay\u0131\u015f\u0131m\u0131z\u0131n bir yans\u0131mas\u0131d\u0131r.<\/p>\n<\/blockquote>\n\n\n\n<!DOCTYPE html>\n<html lang=\"tr\">\n<head>\n<meta charset=\"UTF-8\">\n<title>Referanslar<\/title>\n<style>\n\/* Genel alan *\/\n.references {\n  max-width: 1200px;\n  margin: 0 auto;\n  padding: 40px 20px;\n  display: flex;\n  flex-wrap: wrap;\n  gap: 24px; \/* Logolar aras\u0131 bo\u015fluk *\/\n  justify-content: center;\n  align-items: center;\n}\n\n\/* Logo stilleri *\/\n.references img {\n  width: 160px;        \/* T\u00fcm logolar e\u015fit geni\u015flik *\/\n  height: 100px;       \/* T\u00fcm logolar e\u015fit y\u00fckseklik *\/\n  object-fit: contain;  \/* Oran\u0131 bozmadan s\u0131\u011fd\u0131r *\/\n  display: block;\n  transition: transform 0.3s ease;\n}\n\n\/* Hover efekti *\/\n.references img:hover {\n  transform: scale(1.05); \/* Hafif b\u00fcy\u00fcme efekti *\/\n}\n\n\/* Tablet *\/\n@media (max-width: 1024px) {\n  .references img {\n    width: 140px;\n    height: 90px;\n  }\n}\n\n\/* Telefon *\/\n@media (max-width: 600px) {\n  .references img {\n    width: 120px;\n    height: 80px;\n  }\n}\n<\/style>\n<\/head>\n<body>\n\n<section class=\"references\">\n  <img decoding=\"async\" src=\"https:\/\/fevzicangumus.com\/videoajans\/wp-content\/uploads\/2025\/12\/5643919.jpg\" alt=\"Marka 1\">\n  <img decoding=\"async\" src=\"https:\/\/fevzicangumus.com\/videoajans\/wp-content\/uploads\/2025\/12\/7459344.jpg\" alt=\"Marka 2\">\n  <img decoding=\"async\" src=\"https:\/\/fevzicangumus.com\/videoajans\/wp-content\/uploads\/2025\/12\/2499873.jpg\" alt=\"Marka 3\">\n  <img decoding=\"async\" src=\"https:\/\/fevzicangumus.com\/videoajans\/wp-content\/uploads\/2025\/12\/christmas_2012_new_3160-scaled.jpg\" alt=\"Marka 4\">\n  <img decoding=\"async\" src=\"https:\/\/fevzicangumus.com\/videoajans\/wp-content\/uploads\/2025\/12\/christmas_2012_new_687092-scaled.jpg\" alt=\"Marka 5\">\n  <img decoding=\"async\" src=\"https:\/\/fevzicangumus.com\/videoajans\/wp-content\/uploads\/2025\/12\/40626-scaled.jpg\" alt=\"Marka 6\">\n  <img decoding=\"async\" src=\"https:\/\/fevzicangumus.com\/videoajans\/wp-content\/uploads\/2025\/12\/8070025.jpg\" alt=\"Marka 7\">\n  <img decoding=\"async\" src=\"https:\/\/fevzicangumus.com\/videoajans\/wp-content\/uploads\/2025\/12\/indonesian_halal_logo_2022-scaled.jpg\" alt=\"Marka 8\">\n  <img decoding=\"async\" src=\"https:\/\/fevzicangumus.com\/videoajans\/wp-content\/uploads\/2025\/12\/7599537.jpg\" alt=\"Marka 9\">\n  <img decoding=\"async\" src=\"https:\/\/fevzicangumus.com\/videoajans\/wp-content\/uploads\/2025\/12\/v914-ning-19a-scaled.jpg\" alt=\"Marka 10\">\n<\/section>\n\n<\/body>\n<\/html>\n","protected":false},"excerpt":{"rendered":"<p>Gelin biraz bizden bahsedelim B\u0130Z K\u0130M\u0130Z? Her \u015fey, bir an\u0131n tek bir kareden daha fazlas\u0131 oldu\u011funu fark etmemizle ba\u015flad\u0131.Bir duygunun, bir markan\u0131n ya da bir hik\u00e2yenin en g\u00fc\u00e7l\u00fc \u015fekilde&nbsp;hareketle anlat\u0131ld\u0131\u011f\u0131n\u0131&nbsp;g\u00f6rd\u00fck. Kameray\u0131 elimize ald\u0131\u011f\u0131m\u0131z ilk g\u00fcnden beri amac\u0131m\u0131z ayn\u0131:Sadece video \u00e7ekmek de\u011fil,&nbsp;izleyenlerin hissetti\u011fi&nbsp;hik\u00e2yeler \u00fcretmek. Biz; fikri olan, anlatacak bir hik\u00e2yesi bulunan markalar i\u00e7in \u00e7al\u0131\u015f\u0131yoruz. \u00c7ekimden kurguya, &hellip; <\/p>\n<p class=\"link-more\"><a href=\"https:\/\/fevzicangumus.com\/videoajans\/about\/\" class=\"more-link\"><span class=\"screen-reader-text\"> &#8220;HAKKIMIZDA&#8221;<\/span>devam\u0131n\u0131 oku<\/a><\/p>\n","protected":false},"author":1,"featured_media":6,"parent":0,"menu_order":0,"comment_status":"closed","ping_status":"closed","template":"","meta":{"_joinchat":[],"footnotes":""},"class_list":["post-9","page","type-page","status-publish","has-post-thumbnail","hentry"],"featured_media_urls":{"thumbnail":["https:\/\/fevzicangumus.com\/videoajans\/wp-content\/uploads\/2025\/12\/StockSnap_M6D1GS9PSL-150x150.jpg",150,150,true],"medium":["https:\/\/fevzicangumus.com\/videoajans\/wp-content\/uploads\/2025\/12\/StockSnap_M6D1GS9PSL-300x198.jpg",300,198,true],"medium_large":["https:\/\/fevzicangumus.com\/videoajans\/wp-content\/uploads\/2025\/12\/StockSnap_M6D1GS9PSL.jpg",768,506,false],"large":["https:\/\/fevzicangumus.com\/videoajans\/wp-content\/uploads\/2025\/12\/StockSnap_M6D1GS9PSL-1024x674.jpg",950,625,true],"1536x1536":["https:\/\/fevzicangumus.com\/videoajans\/wp-content\/uploads\/2025\/12\/StockSnap_M6D1GS9PSL-1536x1011.jpg",1536,1011,true],"2048x2048":["https:\/\/fevzicangumus.com\/videoajans\/wp-content\/uploads\/2025\/12\/StockSnap_M6D1GS9PSL.jpg",2000,1317,false],"inspiro-featured-image":["https:\/\/fevzicangumus.com\/videoajans\/wp-content\/uploads\/2025\/12\/StockSnap_M6D1GS9PSL.jpg",2000,1317,false],"inspiro-loop":["https:\/\/fevzicangumus.com\/videoajans\/wp-content\/uploads\/2025\/12\/StockSnap_M6D1GS9PSL-950x320.jpg",950,320,true],"inspiro-loop@2x":["https:\/\/fevzicangumus.com\/videoajans\/wp-content\/uploads\/2025\/12\/StockSnap_M6D1GS9PSL-1900x640.jpg",1900,640,true],"portfolio_item-thumbnail":["https:\/\/fevzicangumus.com\/videoajans\/wp-content\/uploads\/2025\/12\/StockSnap_M6D1GS9PSL-600x400.jpg",600,400,true],"portfolio_item-thumbnail@2x":["https:\/\/fevzicangumus.com\/videoajans\/wp-content\/uploads\/2025\/12\/StockSnap_M6D1GS9PSL-1200x800.jpg",1200,800,true],"portfolio_item-masonry":["https:\/\/fevzicangumus.com\/videoajans\/wp-content\/uploads\/2025\/12\/StockSnap_M6D1GS9PSL-600x395.jpg",600,395,true],"portfolio_item-masonry@2x":["https:\/\/fevzicangumus.com\/videoajans\/wp-content\/uploads\/2025\/12\/StockSnap_M6D1GS9PSL-1200x790.jpg",1200,790,true],"portfolio_item-thumbnail_cinema":["https:\/\/fevzicangumus.com\/videoajans\/wp-content\/uploads\/2025\/12\/StockSnap_M6D1GS9PSL-800x335.jpg",800,335,true],"portfolio_item-thumbnail_portrait":["https:\/\/fevzicangumus.com\/videoajans\/wp-content\/uploads\/2025\/12\/StockSnap_M6D1GS9PSL-600x900.jpg",600,900,true],"portfolio_item-thumbnail_portrait@2x":["https:\/\/fevzicangumus.com\/videoajans\/wp-content\/uploads\/2025\/12\/StockSnap_M6D1GS9PSL-1200x1317.jpg",1200,1317,true],"portfolio_item-thumbnail_square":["https:\/\/fevzicangumus.com\/videoajans\/wp-content\/uploads\/2025\/12\/StockSnap_M6D1GS9PSL-800x800.jpg",800,800,true]},"_links":{"self":[{"href":"https:\/\/fevzicangumus.com\/videoajans\/wp-json\/wp\/v2\/pages\/9","targetHints":{"allow":["GET"]}}],"collection":[{"href":"https:\/\/fevzicangumus.com\/videoajans\/wp-json\/wp\/v2\/pages"}],"about":[{"href":"https:\/\/fevzicangumus.com\/videoajans\/wp-json\/wp\/v2\/types\/page"}],"author":[{"embeddable":true,"href":"https:\/\/fevzicangumus.com\/videoajans\/wp-json\/wp\/v2\/users\/1"}],"replies":[{"embeddable":true,"href":"https:\/\/fevzicangumus.com\/videoajans\/wp-json\/wp\/v2\/comments?post=9"}],"version-history":[{"count":36,"href":"https:\/\/fevzicangumus.com\/videoajans\/wp-json\/wp\/v2\/pages\/9\/revisions"}],"predecessor-version":[{"id":133,"href":"https:\/\/fevzicangumus.com\/videoajans\/wp-json\/wp\/v2\/pages\/9\/revisions\/133"}],"wp:featuredmedia":[{"embeddable":true,"href":"https:\/\/fevzicangumus.com\/videoajans\/wp-json\/wp\/v2\/media\/6"}],"wp:attachment":[{"href":"https:\/\/fevzicangumus.com\/videoajans\/wp-json\/wp\/v2\/media?parent=9"}],"curies":[{"name":"wp","href":"https:\/\/api.w.org\/{rel}","templated":true}]}}